{"id":8,"date":"2022-01-19T10:29:56","date_gmt":"2022-01-19T10:29:56","guid":{"rendered":"https:\/\/ungezwungen.ch\/?page_id=8"},"modified":"2022-01-19T10:40:30","modified_gmt":"2022-01-19T10:40:30","slug":"ueber-uns","status":"publish","type":"page","link":"https:\/\/ungezwungen.ch\/?page_id=8","title":{"rendered":"\u00dcber uns"},"content":{"rendered":"\n<p>Wir sind die Eltern eines zwangserkrankten Kindes. Nach zwei st\u00fcrmischen Jahren m\u00f6chten wir unsere Gedanken, Erlebnisse und Erfahrungen weitergeben. <\/p>\n\n\n\n<p>Ratschl\u00e4ge und Ratgeber findest du anderswo. Das hier soll dem Austausch dienen. Nicht mehr, nicht weniger.<\/p>\n","protected":false},"excerpt":{"rendered":"<p>Wir sind die Eltern eines zwangserkrankten Kindes. Nach zwei st\u00fcrmischen Jahren m\u00f6chten wir unsere Gedanken, Erlebnisse und Erfahrungen weitergeben. Ratschl\u00e4ge und Ratgeber findest du anderswo. Das hier soll dem Austausch dienen. Nicht mehr, nicht weniger.<\/p>\n","protected":false},"author":1,"featured_media":0,"parent":0,"menu_order":0,"comment_status":"closed","ping_status":"closed","template":"","meta":{"footnotes":""},"class_list":["post-8","page","type-page","status-publish","hentry"],"aioseo_notices":[],"_links":{"self":[{"href":"https:\/\/ungezwungen.ch\/index.php?rest_route=\/wp\/v2\/pages\/8","targetHints":{"allow":["GET"]}}],"collection":[{"href":"https:\/\/ungezwungen.ch\/index.php?rest_route=\/wp\/v2\/pages"}],"about":[{"href":"https:\/\/ungezwungen.ch\/index.php?rest_route=\/wp\/v2\/types\/page"}],"author":[{"embeddable":true,"href":"https:\/\/ungezwungen.ch\/index.php?rest_route=\/wp\/v2\/users\/1"}],"replies":[{"embeddable":true,"href":"https:\/\/ungezwungen.ch\/index.php?rest_route=%2Fwp%2Fv2%2Fcomments&post=8"}],"version-history":[{"count":2,"href":"https:\/\/ungezwungen.ch\/index.php?rest_route=\/wp\/v2\/pages\/8\/revisions"}],"predecessor-version":[{"id":26,"href":"https:\/\/ungezwungen.ch\/index.php?rest_route=\/wp\/v2\/pages\/8\/revisions\/26"}],"wp:attachment":[{"href":"https:\/\/ungezwungen.ch\/index.php?rest_route=%2Fwp%2Fv2%2Fmedia&parent=8"}],"curies":[{"name":"wp","href":"https:\/\/api.w.org\/{rel}","templated":true}]}}