{"id":7,"date":"2022-01-19T10:29:56","date_gmt":"2022-01-19T10:29:56","guid":{"rendered":"https:\/\/ungezwungen.ch\/?page_id=7"},"modified":"2022-01-20T20:04:52","modified_gmt":"2022-01-20T20:04:52","slug":"create-your-website-with-blocks","status":"publish","type":"page","link":"https:\/\/ungezwungen.ch\/?page_id=7","title":{"rendered":"\u00dcber diesen Blog"},"content":{"rendered":"\n<div style=\"height:50px\" aria-hidden=\"true\" class=\"wp-block-spacer\"><\/div>\n\n\n\n<div class=\"wp-block-columns alignwide are-vertically-aligned-top is-layout-flex wp-container-core-columns-is-layout-9d6595d7 wp-block-columns-is-layout-flex\">\n<div class=\"wp-block-column is-vertically-aligned-top is-layout-flow wp-block-column-is-layout-flow\">\n<h3 class=\"wp-block-heading\">Keine Ratschl\u00e4ge<\/h3>\n\n\n\n<p>Hier teilen wir unsere Gedanken, Erlebnisse und Erfahrungen rund um die Zwangserkrankung unserer Tochter. Wenn dich diese interessieren oder dir das eine oder andere Mal sogar irgendwie weiterhelfen, so freut uns das sehr. Aber was uns hilft, f\u00fcr uns gilt, muss nicht auch dir helfen oder f\u00fcr dich gelten. Wir verzichten deshalb bewusst auf Ratschl\u00e4ge oder Verhaltensanweisungen. <\/p>\n<\/div>\n\n\n\n<div class=\"wp-block-column is-vertically-aligned-top is-layout-flow wp-block-column-is-layout-flow\">\n<h3 class=\"wp-block-heading\">Keine Fachleute<\/h3>\n\n\n\n<p>Wir sind keine Fachleute und wissen definitiv nichts besser als du. Klar haben wir B\u00fccher und Beitr\u00e4ge \u00fcber Zwangserkrankungen gelesen. Dar\u00fcber viele Gedanken gemacht, Regeln und Vorgaben von Fachleuten verzweifelt zu befolgen versucht. So wie du wohl auch. Es war aber nicht das, was uns schliesslich wirklich weitergebracht hat. Gespr\u00e4che, Intuition, &#171;Bauchgef\u00fchl&#187; und ja, <strong>Ungezwungenheit<\/strong>, hingegen schon. Daf\u00fcr gibt es kein Diplom. Ein bisschen dar\u00fcber schreiben m\u00f6chten wir trotzdem. Hier drin \ud83d\ude42<\/p>\n<\/div>\n\n\n\n<div class=\"wp-block-column is-vertically-aligned-top is-layout-flow wp-block-column-is-layout-flow\">\n<h3 class=\"wp-block-heading\">Austausch unter betroffenen Eltern<\/h3>\n\n\n\n<p>W\u00e4hrend unserer schlimmsten Zeit im Fr\u00fchsommer 2020 haben wir uns \u00f6fters gew\u00fcnscht, mit jemandem zu sprechen, der \u00e4hnliche Erfahrungen gemacht hat oder sich sogar in einer vergleichbaren Situation befindet. Ein Austausch auf (krisenbedingter) Augenh\u00f6he quasi. Es gab keine Selbsthilfegruppe in der N\u00e4he und keine Fachperson wollte oder durfte uns m\u00f6gliche Kontakte vermitteln. Eine Website wie diese h\u00e4tte uns geholfen. Nun hoffen wir, dass sie dir, euch, irgendjemandem vielleicht ein bisschen helfen kann&#8230;<\/p>\n<\/div>\n<\/div>\n\n\n\n<div style=\"height:100px\" aria-hidden=\"true\" class=\"wp-block-spacer\"><\/div>\n","protected":false},"excerpt":{"rendered":"<p>Keine Ratschl\u00e4ge Hier teilen wir unsere Gedanken, Erlebnisse und Erfahrungen rund um die Zwangserkrankung unserer Tochter. Wenn dich diese interessieren oder dir das eine oder andere Mal sogar irgendwie weiterhelfen, so freut uns das sehr. Aber was uns hilft, f\u00fcr uns gilt, muss nicht auch dir helfen oder f\u00fcr dich gelten. Wir verzichten deshalb bewusst [&hellip;]<\/p>\n","protected":false},"author":1,"featured_media":0,"parent":0,"menu_order":0,"comment_status":"closed","ping_status":"closed","template":"","meta":{"footnotes":""},"class_list":["post-7","page","type-page","status-publish","hentry"],"aioseo_notices":[],"_links":{"self":[{"href":"https:\/\/ungezwungen.ch\/index.php?rest_route=\/wp\/v2\/pages\/7","targetHints":{"allow":["GET"]}}],"collection":[{"href":"https:\/\/ungezwungen.ch\/index.php?rest_route=\/wp\/v2\/pages"}],"about":[{"href":"https:\/\/ungezwungen.ch\/index.php?rest_route=\/wp\/v2\/types\/page"}],"author":[{"embeddable":true,"href":"https:\/\/ungezwungen.ch\/index.php?rest_route=\/wp\/v2\/users\/1"}],"replies":[{"embeddable":true,"href":"https:\/\/ungezwungen.ch\/index.php?rest_route=%2Fwp%2Fv2%2Fcomments&post=7"}],"version-history":[{"count":7,"href":"https:\/\/ungezwungen.ch\/index.php?rest_route=\/wp\/v2\/pages\/7\/revisions"}],"predecessor-version":[{"id":121,"href":"https:\/\/ungezwungen.ch\/index.php?rest_route=\/wp\/v2\/pages\/7\/revisions\/121"}],"wp:attachment":[{"href":"https:\/\/ungezwungen.ch\/index.php?rest_route=%2Fwp%2Fv2%2Fmedia&parent=7"}],"curies":[{"name":"wp","href":"https:\/\/api.w.org\/{rel}","templated":true}]}}